{"id":9,"date":"2014-05-20T17:57:48","date_gmt":"2014-05-20T15:57:48","guid":{"rendered":"http:\/\/notfunk-landshut.de\/wordpress\/?page_id=9"},"modified":"2017-02-14T00:51:41","modified_gmt":"2017-02-13T23:51:41","slug":"uber-uns","status":"publish","type":"page","link":"http:\/\/www.notfunk-landshut.de\/wordpress\/?page_id=9","title":{"rendered":"\u00dcber uns"},"content":{"rendered":"<p>Die Notfunkgruppe Landshut wurde am 7. Januar 2011 gegr\u00fcndet. <br \/><br \/>Zuhause ist sie im neu gebauten Clubheim (Einweihung 12.6.2010) des OV Landshut, U08. &#8222;<em>Clubheim<\/em>&#8220; ist dabei etwas zu kurz gegriffen: Es ist das <br \/><strong>Ausbildungs- und Kompetenzzentrum f\u00fcr den Amateurfunk in Niederbayern<\/strong>. <br \/><br \/>Regierungsdirektor <strong>Hans Ellmayer<\/strong> vom Bayerischen Ministerium des Inneren <strong>unterst\u00fctzte die Landshuter Funkamateure <\/strong>ma\u00dfgeblich bei der Errichtung des neuen Clubheims auf der Weickmannsh\u00f6he. So bekam beispielsweise die Stadt Landshut einen Impuls zur F\u00f6rderung des Neubaus aus dem Innenministerium.<br \/> <br \/><span style=\"color: #339966;\">Damit ist der Weg zur vertrauensvollen und effizienten Zusammenarbeit der Funkamateure mit den beh\u00f6rdlichen Funkdiensten geebnet! Seit 2014 sind <strong>Mitglieder der Notfunkgruppe Teil der KomF\u00fc des Landratsamtes Landshut.<\/strong> Damit ist die Notfunkgruppe Landshut Teil der Alarmierungskette in Katastrophenf\u00e4llen. <br \/><\/span><\/p><p><span style=\"text-decoration: underline;\">Leiter der Notfunk-Gruppe Landshut<\/span> <br \/>Hans-J\u00fcrgen Schott, DH2RL <br \/>Andreas Zitzelsberger, DL3RCG<\/p><p><span style=\"text-decoration: underline;\">Mitglieder KomF\u00fc<\/span> <br \/>Daniel Fischalek, DL3ZY <br \/>Andreas Hellinger, DC6RI (Notfunkreferent Distrikt U) <br \/>Hans-J\u00fcrgen Schott, DH2RL<\/p><p><span style=\"text-decoration: underline;\">Weitere, stetige Mitglieder der Notfunkgruppe<\/span> <br \/>Hans Baier, DK9CR, <br \/>Stephan Eichmeier, DL4STE <br \/>Lenz Gra\u00dfl, DL8RDL <br \/>Andreas Lehner, DF5LR <br \/>Alex M\u00fchlbauer, DG8AM <br \/>Oliver W\u00f6lfl, DO3NOW<br \/>Klaus Wunderlich, DJ4FW <br \/><a href=\"http:\/\/www.notfunk-landshut.de\/wordpress\/wp-content\/uploads\/2017\/02\/notfunk-gruppe-foto-plain.jpg\"><img decoding=\"async\" loading=\"lazy\" class=\"alignleft wp-image-453 \" src=\"http:\/\/www.notfunk-landshut.de\/wordpress\/wp-content\/uploads\/2017\/02\/notfunk-gruppe-foto-plain-300x208.jpg\" alt=\"Gr\u00fcndung der Notfunkgruppe\" width=\"208\" height=\"144\" srcset=\"http:\/\/www.notfunk-landshut.de\/wordpress\/wp-content\/uploads\/2017\/02\/notfunk-gruppe-foto-plain-300x208.jpg 300w, http:\/\/www.notfunk-landshut.de\/wordpress\/wp-content\/uploads\/2017\/02\/notfunk-gruppe-foto-plain-768x532.jpg 768w, http:\/\/www.notfunk-landshut.de\/wordpress\/wp-content\/uploads\/2017\/02\/notfunk-gruppe-foto-plain.jpg 1024w\" sizes=\"(max-width: 208px) 100vw, 208px\" \/><\/a><\/p>","protected":false},"excerpt":{"rendered":"<p>Die Notfunkgruppe Landshut wurde am 7. Januar 2011 gegr\u00fcndet. Zuhause ist sie im neu gebauten Clubheim (Einweihung 12.6.2010) des OV Landshut, U08. &#8222;Clubheim&#8220; ist dabei etwas zu kurz gegriffen: Es ist das Ausbildungs- und Kompetenzzentrum f\u00fcr den Amateurfunk in Niederbayern.<span class=\"ellipsis\">&hellip;<\/span><\/p>\n<div class=\"read-more\"><a href=\"http:\/\/www.notfunk-landshut.de\/wordpress\/?page_id=9\">Weiterlesen \u203a<\/a><\/div>\n<p><!-- end of .read-more --><\/p>\n","protected":false},"author":1,"featured_media":0,"parent":0,"menu_order":0,"comment_status":"closed","ping_status":"closed","template":"","meta":[],"_links":{"self":[{"href":"http:\/\/www.notfunk-landshut.de\/wordpress\/index.php?rest_route=\/wp\/v2\/pages\/9"}],"collection":[{"href":"http:\/\/www.notfunk-landshut.de\/wordpress\/index.php?rest_route=\/wp\/v2\/pages"}],"about":[{"href":"http:\/\/www.notfunk-landshut.de\/wordpress\/index.php?rest_route=\/wp\/v2\/types\/page"}],"author":[{"embeddable":true,"href":"http:\/\/www.notfunk-landshut.de\/wordpress\/index.php?rest_route=\/wp\/v2\/users\/1"}],"replies":[{"embeddable":true,"href":"http:\/\/www.notfunk-landshut.de\/wordpress\/index.php?rest_route=%2Fwp%2Fv2%2Fcomments&post=9"}],"version-history":[{"count":22,"href":"http:\/\/www.notfunk-landshut.de\/wordpress\/index.php?rest_route=\/wp\/v2\/pages\/9\/revisions"}],"predecessor-version":[{"id":456,"href":"http:\/\/www.notfunk-landshut.de\/wordpress\/index.php?rest_route=\/wp\/v2\/pages\/9\/revisions\/456"}],"wp:attachment":[{"href":"http:\/\/www.notfunk-landshut.de\/wordpress\/index.php?rest_route=%2Fwp%2Fv2%2Fmedia&parent=9"}],"curies":[{"name":"wp","href":"https:\/\/api.w.org\/{rel}","templated":true}]}}