{"id":80,"date":"2014-05-30T15:29:46","date_gmt":"2014-05-30T13:29:46","guid":{"rendered":"http:\/\/notfunk-landshut.de\/wordpress\/?page_id=80"},"modified":"2017-02-14T01:24:41","modified_gmt":"2017-02-14T00:24:41","slug":"nfr-80m-darc","status":"publish","type":"page","link":"http:\/\/www.notfunk-landshut.de\/wordpress\/?page_id=80","title":{"rendered":"DARC (80m)"},"content":{"rendered":"<div class=\"main-main util-clearfix\"><h3 class=\"title\">Notfunkrunde des DARC, 3.643 MHz<\/h3><span style=\"color: #339966; font-size: x-small;\">Quelle: DARC &#8211; Referat Notfunk (korr. 18.01.2011 DJ4FW)<\/span> <br \/>Um Notfunk wieder etwas mehr in das Bewusstsein der Funkamateure zu r\u00fccken findet regelm\u00e4\u00dfig eine Notfunkrunde statt<br \/>Wir laden alle Interessierten ein! <br \/><br \/><span style=\"color: #008000;\"><strong>Jeden ersten Freitag im Monat ab 17:00 Uhr UTC<\/strong><\/span> <span style=\"color: #008000;\"><strong>auf 3.643 kHz (+\/- QRM)<\/strong><\/span> <br \/>Ablauf: <br \/>16:30h bis 17:00 Uhr Vorloggen der Leitstation <br \/>17:00 Uhr Kurzinformation von der Leitstation <br \/><br \/>Anschlie\u00dfend Best\u00e4tigung in der Reihenfolge der Anmeldungen mit Bekanntgabe RS, Standort (Loc.), Leistung und Antenne<\/div>","protected":false},"excerpt":{"rendered":"<p>Notfunkrunde des DARC, 3.643 MHzQuelle: DARC &#8211; Referat Notfunk (korr. 18.01.2011 DJ4FW) Um Notfunk wieder etwas mehr in das Bewusstsein der Funkamateure zu r\u00fccken findet regelm\u00e4\u00dfig eine Notfunkrunde stattWir laden alle Interessierten ein! Jeden ersten Freitag im Monat ab 17:00<span class=\"ellipsis\">&hellip;<\/span><\/p>\n<div class=\"read-more\"><a href=\"http:\/\/www.notfunk-landshut.de\/wordpress\/?page_id=80\">Weiterlesen \u203a<\/a><\/div>\n<p><!-- end of .read-more --><\/p>\n","protected":false},"author":1,"featured_media":0,"parent":0,"menu_order":0,"comment_status":"closed","ping_status":"closed","template":"","meta":[],"_links":{"self":[{"href":"http:\/\/www.notfunk-landshut.de\/wordpress\/index.php?rest_route=\/wp\/v2\/pages\/80"}],"collection":[{"href":"http:\/\/www.notfunk-landshut.de\/wordpress\/index.php?rest_route=\/wp\/v2\/pages"}],"about":[{"href":"http:\/\/www.notfunk-landshut.de\/wordpress\/index.php?rest_route=\/wp\/v2\/types\/page"}],"author":[{"embeddable":true,"href":"http:\/\/www.notfunk-landshut.de\/wordpress\/index.php?rest_route=\/wp\/v2\/users\/1"}],"replies":[{"embeddable":true,"href":"http:\/\/www.notfunk-landshut.de\/wordpress\/index.php?rest_route=%2Fwp%2Fv2%2Fcomments&post=80"}],"version-history":[{"count":6,"href":"http:\/\/www.notfunk-landshut.de\/wordpress\/index.php?rest_route=\/wp\/v2\/pages\/80\/revisions"}],"predecessor-version":[{"id":473,"href":"http:\/\/www.notfunk-landshut.de\/wordpress\/index.php?rest_route=\/wp\/v2\/pages\/80\/revisions\/473"}],"wp:attachment":[{"href":"http:\/\/www.notfunk-landshut.de\/wordpress\/index.php?rest_route=%2Fwp%2Fv2%2Fmedia&parent=80"}],"curies":[{"name":"wp","href":"https:\/\/api.w.org\/{rel}","templated":true}]}}