{"id":5,"date":"2014-05-20T11:15:02","date_gmt":"2014-05-20T09:15:02","guid":{"rendered":"http:\/\/notfunk-landshut.de\/wordpress\/?page_id=5"},"modified":"2017-02-14T00:50:07","modified_gmt":"2017-02-13T23:50:07","slug":"home","status":"publish","type":"page","link":"http:\/\/www.notfunk-landshut.de\/wordpress\/","title":{"rendered":"Home"},"content":{"rendered":"<p style=\"text-align: center;\"><span style=\"color: #ff0000;\"><span style=\"color: #000000;\">[eventlist]<\/span><\/span><\/p><p style=\"text-align: center;\">________________<\/p><p style=\"text-align: center;\"><span style=\"font-size: large;\"><strong><span style=\"color: #333333;\"><span style=\"font-size: xx-large;\">Herzlich willkommen <\/span><span style=\"font-size: xx-large;\">auf der Website der<\/span><\/span> <span style=\"font-size: xx-large; color: #000000;\"><span style=\"color: #333333;\">Notfunk-Gruppe Landshut<\/span> <\/span><\/strong><\/span><\/p><p><span style=\"font-size: large;\">mit gro\u00dfer Unterst\u00fctzung <\/span><strong><span style=\"font-size: medium;\">der Stadt Landshut <\/span><\/strong><span style=\"font-size: medium;\"><span style=\"font-size: large;\">und den Aktiven<br \/>aus den Landshuter Ortsverb\u00e4nden U08 und Z76 sowie den<br \/>&#8222;Funkfreunden Landshut&#8220; <br \/><br \/><\/span><\/span> <span style=\"font-size: large;\">&#8230;weitere Interessenten sind uns immer willkommen! <br \/><span style=\"color: #008000; font-size: x-large;\">email: <\/span><\/span><span style=\"color: #339966;\">info@notfunk-landshut.de<\/span><\/p><p style=\"text-align: center;\">________________<\/p><p style=\"text-align: center;\"><a href=\"http:\/\/www.notfunk-landshut.de\/wordpress\/wp-content\/uploads\/2017\/02\/notfunk-gruppe-foto-plain.jpg\"><img decoding=\"async\" loading=\"lazy\" class=\"aligncenter  wp-image-453\" src=\"http:\/\/www.notfunk-landshut.de\/wordpress\/wp-content\/uploads\/2017\/02\/notfunk-gruppe-foto-plain-1024x709.jpg\" alt=\"Gr\u00fcndung der Notfunkgruppe\" width=\"430\" height=\"298\" srcset=\"http:\/\/www.notfunk-landshut.de\/wordpress\/wp-content\/uploads\/2017\/02\/notfunk-gruppe-foto-plain.jpg 1024w, http:\/\/www.notfunk-landshut.de\/wordpress\/wp-content\/uploads\/2017\/02\/notfunk-gruppe-foto-plain-300x208.jpg 300w, http:\/\/www.notfunk-landshut.de\/wordpress\/wp-content\/uploads\/2017\/02\/notfunk-gruppe-foto-plain-768x532.jpg 768w\" sizes=\"(max-width: 430px) 100vw, 430px\" \/><\/a><span style=\"font-size: x-small;\"><strong>Gr\u00fcndungsmitglieder: <br \/><\/strong>DL9RDM &#8211; DL4STE &#8211; DK9CR &#8211; DC1RO &#8211; DJ4FW &#8211; DL5RBW &#8211; DL8RDL &#8211; DL3RCG &#8211; DG8AM (von li. nach re.)<\/span><\/p><p>&nbsp;<\/p>","protected":false},"excerpt":{"rendered":"<p>[eventlist]________________Herzlich willkommen auf der Website der Notfunk-Gruppe Landshut mit gro\u00dfer Unterst\u00fctzung der Stadt Landshut und den Aktivenaus den Landshuter Ortsverb\u00e4nden U08 und Z76 sowie den&#8222;Funkfreunden Landshut&#8220; &#8230;weitere Interessenten sind uns immer willkommen! email: info@notfunk-landshut.de________________Gr\u00fcndungsmitglieder: DL9RDM &#8211; DL4STE &#8211; DK9CR &#8211;<span class=\"ellipsis\">&hellip;<\/span><\/p>\n<div class=\"read-more\"><a href=\"http:\/\/www.notfunk-landshut.de\/wordpress\/\">Weiterlesen \u203a<\/a><\/div>\n<p><!-- end of .read-more --><\/p>\n","protected":false},"author":1,"featured_media":0,"parent":0,"menu_order":1,"comment_status":"closed","ping_status":"closed","template":"","meta":[],"_links":{"self":[{"href":"http:\/\/www.notfunk-landshut.de\/wordpress\/index.php?rest_route=\/wp\/v2\/pages\/5"}],"collection":[{"href":"http:\/\/www.notfunk-landshut.de\/wordpress\/index.php?rest_route=\/wp\/v2\/pages"}],"about":[{"href":"http:\/\/www.notfunk-landshut.de\/wordpress\/index.php?rest_route=\/wp\/v2\/types\/page"}],"author":[{"embeddable":true,"href":"http:\/\/www.notfunk-landshut.de\/wordpress\/index.php?rest_route=\/wp\/v2\/users\/1"}],"replies":[{"embeddable":true,"href":"http:\/\/www.notfunk-landshut.de\/wordpress\/index.php?rest_route=%2Fwp%2Fv2%2Fcomments&post=5"}],"version-history":[{"count":35,"href":"http:\/\/www.notfunk-landshut.de\/wordpress\/index.php?rest_route=\/wp\/v2\/pages\/5\/revisions"}],"predecessor-version":[{"id":455,"href":"http:\/\/www.notfunk-landshut.de\/wordpress\/index.php?rest_route=\/wp\/v2\/pages\/5\/revisions\/455"}],"wp:attachment":[{"href":"http:\/\/www.notfunk-landshut.de\/wordpress\/index.php?rest_route=%2Fwp%2Fv2%2Fmedia&parent=5"}],"curies":[{"name":"wp","href":"https:\/\/api.w.org\/{rel}","templated":true}]}}