{"id":46,"date":"2014-05-30T15:14:15","date_gmt":"2014-05-30T13:14:15","guid":{"rendered":"http:\/\/notfunk-landshut.de\/wordpress\/?page_id=46"},"modified":"2017-02-14T00:59:37","modified_gmt":"2017-02-13T23:59:37","slug":"infoveranstaltung-am-9-7-2011-dl0la","status":"publish","type":"page","link":"http:\/\/www.notfunk-landshut.de\/wordpress\/?page_id=46","title":{"rendered":"Infoveranstaltung am 9.7.2011, DL0LA"},"content":{"rendered":"<h3><strong> Informationsveranstaltung \u00fcber Notfunk in Landshut <\/strong><\/h3><p><strong>Funkamateure beteiligen sich bei Katastrophenf\u00e4llen<\/strong> <br \/>Der zust\u00e4ndige Notfunkreferent der Funkamateure in Niederbayern Hans Bayer, DK9CR, hatte f\u00fcr Samstag, den 9. Juli 2011 zu einer Informationsveranstaltung in das Clubheim der Landshuter Funkamateure eingeladen. Er konnte Herrn RD Hans Ellmayer, der im Bayerischen Staatsministerium des Innern u.a. f\u00fcr den Katastrophenschutz zust\u00e4ndig ist, gewinnen um \u00fcber das Bayerische Katastrophenschutzgesetz zu referieren.<\/p><p>Die Ausbildung von Funkamateuren f\u00fcr den Notfunk wird durch das Bayerische Staatsministerium des Innern (Bay.StMI) unterst\u00fctzt. Eingeladen waren Funkamateure die als Ansprechpartner der Katastrophenschutzbeh\u00f6rden f\u00fcr den Notfunk t\u00e4tig sind. Aber auch f\u00fchrende Kr\u00e4fte der \u00f6rtlichen Organisationen wie Bayerisches Rotes Kreuz, Malteser Hilfsdienst, Katastrophenschutz der Stadt Landshut, FFW Landshut, Katastrophenschutz des Landkreis Landshut und THW Landshut. Der Einladung ebenfalls gefolgt ist der Distriktsvorsitzende der Funkamateure des DARC im Distrikt Bayern Ost, Oberpfalz und Niederbayern, Hans Reyzl, DL2ZA. Aber auch viele Vorsitzende von Ortsverb\u00e4nden aus der Oberpfalz und Niederbayern, so wie der Ortsvorsitzende des Verbands der Funkamateure in Post und Telekommunikation e.V. (VFDB) Andreas Harrer, DB1RAM, waren anwesend.<\/p><p><strong>Begr\u00fc\u00dfung der fachkompetenten Besucher<\/strong> <br \/>Als Hausherr, des in Landshut neu gebauten Funkerhauses, begr\u00fc\u00dfte Siegfried Deutinger, DF9RD, Ortsverbandsvorsitzender der Landshuter Funkamateure alle G\u00e4ste und w\u00fcnschte den Anwesenden einen angenehmen Aufenthalt im Kompetenz- und Ausbildungszentrum f\u00fcr Amateurfunk in Niederbayern, dem Clubheim Landshut. So bat er, sich vor Beginn noch mit Wei\u00dfw\u00fcrsten, Wiener und Brezen zu st\u00e4rken. Er w\u00fcnschte der Tagung einen guten Verlauf.<\/p><p>Jetzt konnte man gest\u00e4rkt den Ausf\u00fchrungen von Herrn RD Hans Ellmayer folgen. Er stellte das Bayerische Katastrophenschutzgesetz vor und wies auf m\u00f6gliche Unterst\u00fctzungsma\u00dfnahmen durch die Funkamateure hin. Ellmayer ging auch ausf\u00fchrlich auf Fragen der Anwesenden ein. Der Ortsverbandsvorsitzende der Landshuter Funkamateure, Siegfried Deutinger, DF9RD, hatte darauf hingewiesen, da\u00df das seit fast drei\u00dfig Jahren st\u00f6rungsfrei laufende 70cm Relais, das bei Katastrophenf\u00e4llen mit eingebunden werden soll, nur noch bis Ende des Jahres am bisherigen Standort betrieben werden kann. Darauf hin sicherte RD Ellmayer den Landshuter Funkern seine volle Unterst\u00fctzung bei der Suche nach einem neuen Standort f\u00fcr die hiesige Relaisstelle zu.<\/p><table class=\"mceItemTable\" border=\"0\" width=\"600\" cellspacing=\"6\" cellpadding=\"6\"><tbody><tr><td align=\"center\" valign=\"middle\"><img decoding=\"async\" loading=\"lazy\" src=\"http:\/\/www.u08.de\/events\/images\/nf072011\/nf_001.jpg\" alt=\"\" width=\"333\" height=\"500\" \/><\/td><\/tr><tr><td>RD Hans Ellmayer bei seinem Vortrag<\/td><\/tr><\/tbody><\/table><table class=\"mceItemTable\" border=\"0\" width=\"600\" cellspacing=\"6\" cellpadding=\"6\"><tbody><tr><td><p><strong>Vorstellen der Funkstation<\/strong> <br \/>Anschlie\u00dfend erl\u00e4uterten Mitglieder der Notfunkgruppe Landshut, an der Spitze Hans-J\u00fcrgen Schott, DH2RL, als Leiter der Gruppe den interessierten G\u00e4sten das neue Clubheim in Landshut mit all seinen M\u00f6glichkeiten bez\u00fcglich Notfunk. Schott erl\u00e4uterte eindrucksvoll, was die Funkamateure in der Lage sind zu leisten.<\/p><p>F\u00fcr viele sicher neu, da\u00df Funkamateure sich nicht nur mit Sprechfunk besch\u00e4ftigen, sondern auch sehr viele andere Betriebsarten aus\u00fcben. Er berichtete von den zahlreichen anderen Kommunikationsm\u00f6glichkeiten neben dem klassischen Sprechfunk. So war u.a. die Rede von der wohl \u00e4ltesten Art der Signal\u00fcbertragung, der Telegraphie, besser unter dem Namen Morsen bekannt.<\/p><p>Samuel Morse erfand das nach ihm benannte Morsealphabet, das er sich 1840 patentieren lie\u00df. Die Funkamateure beherrschen diese Art zu kommunizieren heute noch und diese auch war bis vor vier Jahren noch Pr\u00fcfungsbestandteil zur Amateurfunklizenz. Man pflegt aber auch modernere Arten der \u00dcbertragung von Sprache, Daten (digital), Bildern (digital und analog) und sogar Fernsehbilder (Live\u00fcbertragung). Diese Betriebsart nennt sich Amateurfernsehen (ATV).<\/p><p>Funkamateure so Schott, machen sich alte, aber auch die neuesten Techniken zu Nutzen um zu kommunizieren. Man n\u00fctzt die Kurzwelle, die von der Ionosph\u00e4re reflektiert wird, um weltweite Verbindungen m\u00f6glich zu machen genau so, wie auch Satelliten. Diese werden von Funkamateuren weltweit entwickelt und bei &#8222;g\u00fcnstiger Gelegenheit&#8220;, meist als &#8222;Testlast&#8220; bei Raketenversuchen in der Orbit gebracht. Auch der Mond, so Schott weiter, werde als &#8222;Reflektor&#8220; der eigenen Funksignale genutzt. Diese reflektierten Signale sind damit auf der vom Mond beschienen Seite der Erde h\u00f6rbar. Letzteres sei aber auch unter Funkamateuren etwas f\u00fcr Freaks.<\/p><p>Dazu geh\u00f6ren auch die verschiedenen technischen Einrichtungen (Relais\/Digipeater), die sich auf der internationalen Weltraumstation ISS befinden und von allen Funkamateuren weltweit genutzt werden. Dazu mu\u00df man wissen, da\u00df bei den Besatzungen der ISS auch immer Funkamateure dabei sind, die ihre knappe Freizeit gelegentlich dazu nutzen um mit den lizenzierten Funkamateuren irgendwo auf der Welt mit einem QSO, hei\u00dft Funkverbindung, zu erfreuen. Meist sind es so genannte Schulstationen denen man solche Funkkontakte erm\u00f6glicht.<\/p><p>Hingegen werden Relaisstellen, die Funkamateure deutschlandweit betreiben, t\u00e4glich genutzt. Diese befinden sich zumeist auf geographisch besonders geeigneten Standorten, wie Berggipfel oder Fernseht\u00fcrmen. Somit k\u00f6nne man auch mit kleinen Handfunkger\u00e4ten Reichweiten von 30 &#8211; 200 km erreichen. Ein Bespiel daf\u00fcr ist die Relaisstelle der Funkamateure auf der Zugspitze.<\/p><\/td><\/tr><\/tbody><\/table><table class=\"mceItemTable\" border=\"0\" width=\"600\" cellspacing=\"6\" cellpadding=\"6\"><tbody><tr><td align=\"center\" valign=\"middle\"><img decoding=\"async\" loading=\"lazy\" src=\"http:\/\/www.u08.de\/events\/images\/nf072011\/nf_002.jpg\" alt=\"\" width=\"500\" height=\"333\" \/><\/td><\/tr><tr><td>Hans-J\u00fcrgen, DH2RL stellt seinen Repeater vor<\/td><\/tr><\/tbody><\/table><table class=\"mceItemTable\" border=\"0\" width=\"600\" cellspacing=\"6\" cellpadding=\"6\"><tbody><tr><td><p>Die daf\u00fcr genutzten Frequenzen\/B\u00e4nder reichen, ganz unten angefangen vom 2,2 km Band (0.1378 MHz) bis 4 mm Band (81,500 GHz). Die modernste Art eines Daten\/Ton Tr\u00e4gers ist Licht. Auch hier sind Funkamateure experimentell t\u00e4tig. Nicht ohne Grund ist Amateurfunk im daf\u00fcr zust\u00e4ndigen Amateurfunkgesetz auch als Experimentierfunkdienst definiert.<\/p><p><strong>Antennenanlagen der Clubstation<\/strong> <br \/>Anschlie\u00dfend bat Martin Schiller, DL9RDM, die G\u00e4ste ins Freie um die umfangreichen Antennenanlagen der Landshuter Funkstation zu erkl\u00e4ren. Die meisten davon befinden sich auf einem 18 m hohen, ausfahr- und kippbaren Gittermast. Zudem sind die, sich darauf befindlichen Antennen auch drehbar. Schiller stellte klar, da\u00df die Antenne das wichtigste Element ist, um eine gute Funkverbindung herzustellen. Auch die optimal geographische Lage des Clubheimes auf der Weickmannsh\u00f6he (500 m \u00fcNN) ist dabei ein wichtiger Punkt.<\/p><\/td><\/tr><\/tbody><\/table><table class=\"mceItemTable\" border=\"0\" width=\"600\" cellspacing=\"6\" cellpadding=\"6\"><tbody><tr><td align=\"center\" valign=\"middle\"><img decoding=\"async\" loading=\"lazy\" src=\"http:\/\/www.u08.de\/events\/images\/nf072011\/nf_003.jpg\" alt=\"\" width=\"500\" height=\"333\" \/><\/td><\/tr><tr><td>Martin, DL9RDM erkl\u00e4rt die Antennenanlage von DL0LA<\/td><\/tr><\/tbody><\/table><table class=\"mceItemTable\" border=\"0\" width=\"600\" cellspacing=\"6\" cellpadding=\"6\"><tbody><tr><td><p><strong>APRS &#8211; So k\u00f6nnen Einsatzkr\u00e4fte durch die Leitstelle dirigiert werden<\/strong> Wieder an den Funktischen zur\u00fcck stie\u00df Lenz Grassl, DL8RDL, bei seinen Zuh\u00f6rern auf offene Ohren als er die Technik um die Betriebsart Automatic Packet Reporting System (APRS) praktisch demonstrierte.<\/p><p>Hierbei handelt es sich um eine, auf Packet Radio basierende spezielle Form, von Daten\u00fcbertragung (Positionsdaten) im Amateurfunk. Das System wurde 1992 vom Funkamateur Bob Bruninga (WB4APR) entwickelt. APRS ist unter Funkamateuren inzwischen sehr beliebt geworden. Auch bei Autodiebst\u00e4hlen hat sich APRS als hilfreich erwiesen, da diese Systeme meist fest in die Fahrzeuge installiert sind, berichtete Grassl. Bei Einsatzkr\u00e4ften in Katastrophenf\u00e4llen d\u00fcrfte APRS auf Aufmerksamkeit sto\u00dfen. Denn die Positionen einzelner Einsatzkr\u00e4fte genauso wie die von Mobilkr\u00e4ften k\u00f6nnen in der Leitstelle mittels PC in Istzeit dargestellt werden. Das Dirigieren dieser Kr\u00e4fte kann so vom Einsatzleiter verz\u00f6gerungsfrei \u00fcbernommen werden. Das f\u00fcr dieses System n\u00f6tige Funknetz (Digipeater) ist vorhanden und l\u00e4uft ohne Internetanbindung. Selbst Stromausf\u00e4lle behindern den Betrieb nicht.<\/p><\/td><\/tr><\/tbody><\/table><table class=\"mceItemTable\" border=\"0\" width=\"600\" cellspacing=\"6\" cellpadding=\"6\"><tbody><tr><td align=\"center\" valign=\"middle\"><img decoding=\"async\" loading=\"lazy\" src=\"http:\/\/www.u08.de\/events\/images\/nf072011\/nf_004.jpg\" alt=\"\" width=\"500\" height=\"333\" \/><\/td><\/tr><tr><td>Lenz, DL8RDL erkl\u00e4rt die APRS Station<\/td><\/tr><\/tbody><\/table><table class=\"mceItemTable\" border=\"0\" width=\"600\" cellspacing=\"6\" cellpadding=\"6\"><tbody><tr><td><p>Hans-J\u00fcrgen Schott, DH2RL, stellte eine komplette Relaisstation vor, die bei Bedarf an jeder beliebigen Stelle mittels Akku betrieben werden k\u00f6nnte. Der Platzbedarf sei nicht gr\u00f6\u00dfer als der f\u00fcr einen gew\u00f6hnlichen PC. Dank dieses Umsetzers g\u00e4be es keine Funkl\u00f6cher, die im K-Falle wom\u00f6glich Leben kosten k\u00f6nnten. Das ganz Besondere an all der vorgestellten Funktechnik, betonte Hans-J\u00fcrgen mehrfach, sei die absolute Unabh\u00e4ngigkeit vom \u00f6ffentlichen Stromnetz. Stromausf\u00e4lle, egal ob regional oder gro\u00dffl\u00e4chig, seien also kein Problem.<\/p><p>Desweiteren verwies er darauf, da\u00df bei Stromausfall weder Telefon, Internet oder Handynetz funktionierten. Das zuletzt genannte ben\u00f6tigt nicht einmal einen Stromausfall wie die Vergangenheit leider allen drastisch vor Augen gef\u00fchrt hatte, es reicht bereits eine simple \u00dcberlastung.<\/p><p>Auch w\u00e4hrend der letzten Landshuter Dult machte man diese Erfahrung. Das Ortungssystem, das auf GPS Daten zur\u00fcckgreift, ben\u00f6tigt kein Internet. Funkamateure haben ein funktionierendes, digitales Datennetz in Betrieb. Dieses Netz ist in etwa mit dem Internet vergleichbar. Zudem besteht die M\u00f6glichkeit Daten in das Internet einzuspeisen, oder aus diesem zu beziehen. Denn auch bei regionalem, oder \u00fcberregionalen, Stromausfall funktioniert das Internet ja irgendwo sonst auf der Welt.<\/p><p><strong>Die Clubstation ist v\u00f6llig autark vom Stromnetz<\/strong> <br \/>Alex M\u00fchlbauer, DG8AM, der zust\u00e4ndig ist f\u00fcr das Stromaggregat an der Clubstation, stellte sicher, da\u00df w\u00e4hrend der gesamten Vorf\u00fchrungen das komplette Clubheim durch das eigene Notstromaggregat mit Strom versorgt wurde.<\/p><p>Die dazu n\u00f6tige Technik wurde bereits bei der Planung, bzw. beim Bau, des Funkerhauses mitber\u00fccksichtigt und eingebaut. Dieses Aggregat leistet ca. das Doppelte dessen, was f\u00fcr den Betrieb n\u00f6tig n\u00f6ist. Bei l\u00e4ngeren Stromausf\u00e4llen k\u00f6nnen die Landshuter Funkamateure ihr 20 kVA Dieselaggregat einsetzen. Stromausf\u00e4lle von mehreren Tagen oder Wochen k\u00f6nnten so ebenfalls kompensiert werden.<\/p><\/td><\/tr><\/tbody><\/table><table class=\"mceItemTable\" border=\"0\" width=\"600\" cellspacing=\"6\" cellpadding=\"6\"><tbody><tr><td align=\"center\" valign=\"middle\"><img decoding=\"async\" loading=\"lazy\" src=\"http:\/\/www.u08.de\/events\/images\/nf072011\/nf_005.jpg\" alt=\"\" width=\"500\" height=\"333\" \/><\/td><\/tr><tr><td>Das Clubheim l\u00e4uft ganz ohne Netzstrom (4,5 kVA Benzinaggregat)<\/td><\/tr><\/tbody><\/table><table class=\"mceItemTable\" border=\"0\" width=\"600\" cellspacing=\"6\" cellpadding=\"6\"><tbody><tr><td>Die gesamte Technik, Infrastruktur, Fachkompetenz und Manpower stellen die Funkamateure des Deutschen Amateur Radio Club e.V. (DARC) in zusammenwirken mit Funkamateuren des Verbands der Funkamateure in Post und Telekommunikation e.V. (VFDB) im Bedarfsfalle der Allgemeinheit, zur Aufrechterhaltung der Kommunikation im K- Fall kostenlos zur Verf\u00fcgung. Samt der dahinterstehenden, von den Funkamateuren in Eigenkosten erstellten Netztechnik. Letztere ist nicht auf Deutschland begrenzt, sondern umfa\u00dft die ganze Welt. Die st\u00e4ndige Schulung der Notfunkgruppe, mit regelm\u00e4\u00dfigen \u00dcbungen inklusive.<\/td><\/tr><\/tbody><\/table><table class=\"mceItemTable\" border=\"0\" width=\"600\" cellspacing=\"6\" cellpadding=\"6\"><tbody><tr><td align=\"center\" valign=\"middle\"><img decoding=\"async\" loading=\"lazy\" src=\"http:\/\/www.u08.de\/events\/images\/nf072011\/nf_006.jpg\" alt=\"\" width=\"500\" height=\"333\" \/><\/td><\/tr><tr><td>Die Teilnehmer der Infoveranstaltung<\/td><\/tr><\/tbody><\/table><table class=\"mceItemTable\" border=\"0\" width=\"600\" cellspacing=\"6\" cellpadding=\"6\"><tbody><tr><td><p><strong>Stehend von Links: <\/strong> <br \/>Hermann Fischer, KBM, Ausbilder Funk FFW-LA Bereich Nord<br \/>Hans Reyzl, DL2ZA, DV Distrikt U, Notf. Ref. U15 Sulzbach-Rosenberg <br \/>Rudi Ehrenschwender, DG5RCH, Notfunk OV U14 Straubing <br \/>Jochen Kunz, DD1RK, NfG. Passau, OV U30 Pocking <br \/>Manfred Stay, DH4RN, Notfunk OV U12 Rottal Inn, OVV U12, EMV Rev. Distr. U <br \/>Veit Polaczek, UG San EL, MHD Niederaichbach <br \/>Volker Hermann, DL8WIG, Notfunk OV U24 Neustadt\/Donau <br \/>Ernst Eisele, SGL Brand- u. Katastropenschutz Lkr. LA <br \/>Dr. Johan Alzinger, DK7RA, Leiter Relais-Gruppe Greising, OV U07 Landau\/Isar <br \/>Alex M\u00fchlbauer, DG8AM, NfG OV U08 Landshut <br \/>Lenz Grassl, DL8RDL, NfG OV U08 Landshut <br \/>Andreas Zitzelsberger, DL3RCG, NfG OV U08 Landshut <br \/>Klaus Wunderlich, DJ4FW, NfG OV U08 Landshut <br \/>Stefan Tremmel, UG San EL, BRK-LA <br \/>Hans Ellmayer, RD, Katastrophenschutz Bayr. Staatsministerium des Innern <br \/>Rudolf Skalitzky, Ortsbeauftragter THW-LA<\/p><p><strong>Kniend von links: <br \/><\/strong> J\u00fcrgen Reckert, Leiter Kom.F\u00fc. Lkr. LA <br \/>Martin Biberger, Kom.F\u00fc. Lkr. LA <br \/>Martin Schiller, DL9RDM, NfG OV U08 Landshut <br \/>Johann Heinrich, SGL, Brand u. Katastrophenschutz Stadt Landshut<br \/>Hans-J\u00fcrgen Schott, DH2RL, Leiter NfG Landshut <br \/>Franz Feix, DB3RF, Notfunk OV U07 Landau\/Isar <br \/>Hans Bayer, DK9CR, Notf. Referat Distrikt U <br \/>Sigi Deutinger, DF9RD, OVV OV U08 Landshut<\/p><\/td><\/tr><\/tbody><\/table><p>Author:\u00a0 Sigi, DF9RD Bilder: \u00a0 Achim, DL3RY<\/p>","protected":false},"excerpt":{"rendered":"<p>Informationsveranstaltung \u00fcber Notfunk in Landshut Funkamateure beteiligen sich bei Katastrophenf\u00e4llen Der zust\u00e4ndige Notfunkreferent der Funkamateure in Niederbayern Hans Bayer, DK9CR, hatte f\u00fcr Samstag, den 9. Juli 2011 zu einer Informationsveranstaltung in das Clubheim der Landshuter Funkamateure eingeladen. Er konnte Herrn<span class=\"ellipsis\">&hellip;<\/span><\/p>\n<div class=\"read-more\"><a href=\"http:\/\/www.notfunk-landshut.de\/wordpress\/?page_id=46\">Weiterlesen \u203a<\/a><\/div>\n<p><!-- end of .read-more --><\/p>\n","protected":false},"author":1,"featured_media":0,"parent":0,"menu_order":0,"comment_status":"closed","ping_status":"closed","template":"","meta":[],"_links":{"self":[{"href":"http:\/\/www.notfunk-landshut.de\/wordpress\/index.php?rest_route=\/wp\/v2\/pages\/46"}],"collection":[{"href":"http:\/\/www.notfunk-landshut.de\/wordpress\/index.php?rest_route=\/wp\/v2\/pages"}],"about":[{"href":"http:\/\/www.notfunk-landshut.de\/wordpress\/index.php?rest_route=\/wp\/v2\/types\/page"}],"author":[{"embeddable":true,"href":"http:\/\/www.notfunk-landshut.de\/wordpress\/index.php?rest_route=\/wp\/v2\/users\/1"}],"replies":[{"embeddable":true,"href":"http:\/\/www.notfunk-landshut.de\/wordpress\/index.php?rest_route=%2Fwp%2Fv2%2Fcomments&post=46"}],"version-history":[{"count":3,"href":"http:\/\/www.notfunk-landshut.de\/wordpress\/index.php?rest_route=\/wp\/v2\/pages\/46\/revisions"}],"predecessor-version":[{"id":458,"href":"http:\/\/www.notfunk-landshut.de\/wordpress\/index.php?rest_route=\/wp\/v2\/pages\/46\/revisions\/458"}],"wp:attachment":[{"href":"http:\/\/www.notfunk-landshut.de\/wordpress\/index.php?rest_route=%2Fwp%2Fv2%2Fmedia&parent=46"}],"curies":[{"name":"wp","href":"https:\/\/api.w.org\/{rel}","templated":true}]}}