{"id":43,"date":"2014-05-30T15:11:40","date_gmt":"2014-05-30T13:11:40","guid":{"rendered":"http:\/\/notfunk-landshut.de\/wordpress\/?page_id=43"},"modified":"2017-02-13T14:03:58","modified_gmt":"2017-02-13T13:03:58","slug":"thw-bundeslager-2012","status":"publish","type":"page","link":"http:\/\/www.notfunk-landshut.de\/wordpress\/?page_id=43","title":{"rendered":"THW Bundeslager 2012"},"content":{"rendered":"<p>von Klaus Wunderlich, DJ4FW <br \/><span style=\"font-family: arial,helvetica,sans-serif;\"><span style=\"font-size: small;\">Beim THW-Bundesjugendlager 2012 in Landshut ist auch\u00a0die Notfunk-Gruppe Landshut engagiert. <br \/>Etwa 4500 Jugendliche und 500\u00a0F\u00fchrungskr\u00e4fte werden erwartet.\u00a0Unterst\u00fctzt von\u00a0Fieldday-Aktivisten\u00a0und THW-Helfern wurden\u00a0Antennen f\u00fcr Kurzwelle und UKW sowie ein gro\u00dfes Zelt aufgestellt. F\u00fcr die jugendlichen THW-Helfer im Alter von 10 bis 18 Jahren werden\u00a0die Workshops &#8222;WS-12: Funkbetrieb auf Kurzwelle und UKW mit Ausbildungsrufzeichen&#8220;, &#8222;WS-24: Einweisung und Durchf\u00fchrung von APRS Betrieb&#8220;, &#8222;WS-27: Fuchsjagd (80 m)&#8220; angeboten. Es\u00a0werden\u00a0 etwa 180 THW-ler teilnehmen. <\/span><\/span><\/p><p><span style=\"font-family: arial,helvetica,sans-serif;\"><span style=\"font-size: small;\">F\u00fcr den Funkbetrieb wird das Rufzeichen DL0LA f\u00fcr die lizensierten OPs und DN3LA f\u00fcr die Jugendlichen verwendet werden. Allgemeine Anruffrequenz ist 145,500 MHz Simplex. Nach Anruf bitte Frequenzwechsel. Die Fuchsjagd-Gruppe ist auf 145,550 MHz, Simplex, erreichbar. Sendebetrieb wird sein auf allen Kurzwellenb\u00e4ndern, wie es der Unterricht und die Bedingungen so ergeben (DL0THL, op DK4NZ, vom THW Lauf, DOK B12, hat sich schon als QSO-Partner angemeldet), auf UKW\u00a0\u00fcber das Landshuter Stadtrelais DB0OVL auf 431,775\/439,375 MHz, Echolink #92820, <br \/>Donnerstag,\u00a0 2.8.2012, von 14:30(12:30) bis 17:00(15:00) Uhr MESZ(UT), <br \/>Freitag, 3.8.2012, von 14:30(12:30) bis 17:00(15:00) Uhr MESZ(UT), <br \/>Sonntag, 5.8.2012, von 10:00(08:00) bis 12:00(10:00) und von 14:30(12:30) bis 17:00(15:00) Uhr MESZ(UT), <br \/>Montag, 6.8.2012, von 14:30(12:30) bis 17:00(15:00) Uhr MESZ(UT), <br \/>Dienstag, 7.8.2012, von 14:30(12:30) bis 17:00(15:00) Uhr MESZ(UT). <\/span><\/span><\/p><p><span style=\"font-family: arial,helvetica,sans-serif;\"><span style=\"font-size: small;\">Ob vorher oder\/und nachher noch Betrieb sein kann, wird sich erst in der Praxis erweisen.<br \/>Das Amateurfunk-Zelt befindet sich am (verschlossenen) Osteingang beim Messeturm. Man kann nur mit einem vorher beantragten Besucherausweis auf das THW-Gel\u00e4nde. Die Helfer laut Dienstplan\u00a0von DK 9 CR bitte 30 Minuten vorher erscheinen. Am Donnerstag ist Einla\u00df\u00a0nur zum Entladen der Fahrzeuge\u00a0\u00f6stlich der Messehalle.\u00a0Dort im roten Geb\u00e4ude bei der \u00a0Lagerleitung melden, wo es auch die Besucherausweise geben soll, ggf. nach DK9CR, OM Hans Baier, fragen. An den anderen Tagen kommt man nur als Fu\u00dfg\u00e4nger(!) durch den Westeingang ins Lager. <\/span><\/span><\/p><p><span style=\"font-family: arial,helvetica,sans-serif;\"><span style=\"font-size: small;\">An alle Aufbauhelfer an dieser Stelle ein herzliches <strong>Dankesch\u00f6n!<\/strong> <\/span><\/span><\/p>","protected":false},"excerpt":{"rendered":"<p>von Klaus Wunderlich, DJ4FW Beim THW-Bundesjugendlager 2012 in Landshut ist auch\u00a0die Notfunk-Gruppe Landshut engagiert. Etwa 4500 Jugendliche und 500\u00a0F\u00fchrungskr\u00e4fte werden erwartet.\u00a0Unterst\u00fctzt von\u00a0Fieldday-Aktivisten\u00a0und THW-Helfern wurden\u00a0Antennen f\u00fcr Kurzwelle und UKW sowie ein gro\u00dfes Zelt aufgestellt. F\u00fcr die jugendlichen THW-Helfer im Alter von<span class=\"ellipsis\">&hellip;<\/span><\/p>\n<div class=\"read-more\"><a href=\"http:\/\/www.notfunk-landshut.de\/wordpress\/?page_id=43\">Weiterlesen \u203a<\/a><\/div>\n<p><!-- end of .read-more --><\/p>\n","protected":false},"author":1,"featured_media":0,"parent":0,"menu_order":0,"comment_status":"closed","ping_status":"closed","template":"","meta":[],"_links":{"self":[{"href":"http:\/\/www.notfunk-landshut.de\/wordpress\/index.php?rest_route=\/wp\/v2\/pages\/43"}],"collection":[{"href":"http:\/\/www.notfunk-landshut.de\/wordpress\/index.php?rest_route=\/wp\/v2\/pages"}],"about":[{"href":"http:\/\/www.notfunk-landshut.de\/wordpress\/index.php?rest_route=\/wp\/v2\/types\/page"}],"author":[{"embeddable":true,"href":"http:\/\/www.notfunk-landshut.de\/wordpress\/index.php?rest_route=\/wp\/v2\/users\/1"}],"replies":[{"embeddable":true,"href":"http:\/\/www.notfunk-landshut.de\/wordpress\/index.php?rest_route=%2Fwp%2Fv2%2Fcomments&post=43"}],"version-history":[{"count":3,"href":"http:\/\/www.notfunk-landshut.de\/wordpress\/index.php?rest_route=\/wp\/v2\/pages\/43\/revisions"}],"predecessor-version":[{"id":396,"href":"http:\/\/www.notfunk-landshut.de\/wordpress\/index.php?rest_route=\/wp\/v2\/pages\/43\/revisions\/396"}],"wp:attachment":[{"href":"http:\/\/www.notfunk-landshut.de\/wordpress\/index.php?rest_route=%2Fwp%2Fv2%2Fmedia&parent=43"}],"curies":[{"name":"wp","href":"https:\/\/api.w.org\/{rel}","templated":true}]}}