{"id":27,"date":"2014-05-20T18:06:16","date_gmt":"2014-05-20T16:06:16","guid":{"rendered":"http:\/\/notfunk-landshut.de\/wordpress\/?page_id=27"},"modified":"2014-06-01T11:15:22","modified_gmt":"2014-06-01T09:15:22","slug":"presse","status":"publish","type":"page","link":"http:\/\/www.notfunk-landshut.de\/wordpress\/?page_id=27","title":{"rendered":"\u00d6ffentlichkeit"},"content":{"rendered":"<div class=\"main-main util-clearfix\">\r\n<h3 class=\"title\">Notfunk in der \u00d6ffentlichkeit<\/h3>\r\nOb Presse oder sonstige Medien &#8211; hier versuchen wir euch \u00fcber Notfunkaktivit\u00e4ten im In- und Ausland auf dem laufenden zu halten\r\n\r\n<\/div>","protected":false},"excerpt":{"rendered":"<p>Notfunk in der \u00d6ffentlichkeit Ob Presse oder sonstige Medien &#8211; hier versuchen wir euch \u00fcber Notfunkaktivit\u00e4ten im In- und Ausland auf dem laufenden zu halten<\/p>\n","protected":false},"author":1,"featured_media":0,"parent":0,"menu_order":0,"comment_status":"closed","ping_status":"closed","template":"","meta":[],"_links":{"self":[{"href":"http:\/\/www.notfunk-landshut.de\/wordpress\/index.php?rest_route=\/wp\/v2\/pages\/27"}],"collection":[{"href":"http:\/\/www.notfunk-landshut.de\/wordpress\/index.php?rest_route=\/wp\/v2\/pages"}],"about":[{"href":"http:\/\/www.notfunk-landshut.de\/wordpress\/index.php?rest_route=\/wp\/v2\/types\/page"}],"author":[{"embeddable":true,"href":"http:\/\/www.notfunk-landshut.de\/wordpress\/index.php?rest_route=\/wp\/v2\/users\/1"}],"replies":[{"embeddable":true,"href":"http:\/\/www.notfunk-landshut.de\/wordpress\/index.php?rest_route=%2Fwp%2Fv2%2Fcomments&post=27"}],"version-history":[{"count":4,"href":"http:\/\/www.notfunk-landshut.de\/wordpress\/index.php?rest_route=\/wp\/v2\/pages\/27\/revisions"}],"predecessor-version":[{"id":220,"href":"http:\/\/www.notfunk-landshut.de\/wordpress\/index.php?rest_route=\/wp\/v2\/pages\/27\/revisions\/220"}],"wp:attachment":[{"href":"http:\/\/www.notfunk-landshut.de\/wordpress\/index.php?rest_route=%2Fwp%2Fv2%2Fmedia&parent=27"}],"curies":[{"name":"wp","href":"https:\/\/api.w.org\/{rel}","templated":true}]}}