{"id":24,"date":"2014-05-20T18:05:49","date_gmt":"2014-05-20T16:05:49","guid":{"rendered":"http:\/\/notfunk-landshut.de\/wordpress\/?page_id=24"},"modified":"2014-06-01T11:07:52","modified_gmt":"2014-06-01T09:07:52","slug":"gesetzliches","status":"publish","type":"page","link":"http:\/\/www.notfunk-landshut.de\/wordpress\/?page_id=24","title":{"rendered":"Regelungen"},"content":{"rendered":"<div class=\"main-main util-clearfix\">\r\n<h3 class=\"title\">Regelungen rund um den Notfunk\r\n(u.a. in Landshut)<\/h3>\r\nIn diesem Bereich stellen wir die organisatorische Seite des Notfunks (u.a. in Landshut) vor\r\n\r\nUnsere <span style=\"color: #008000;\"><strong>Ansprechpartner<\/strong><\/span> f\u00fcr Beh\u00f6rden im Katastrophenfall oder f\u00fcr interessierte Funkamateure sind:\r\n<ul>\r\n\t<li><strong><strong><span style=\"color: #008000; font-size: medium;\">Hans Baier, DK9CR<\/span> (Notfunkreferent im Distrikt U) email: dk9cr@notfunk-landshut.de<\/strong><\/strong>Unsere Doppelspitze<\/li>\r\n\t<li><strong><span style=\"color: #008000; font-size: medium;\">Hans-J\u00fcrgen Schott (DH2RL) <\/span>Notfunkreferent im OV Landshut, dh2rl@notfunk-landshut.de<\/strong><\/li>\r\n\t<li><strong><span style=\"color: #008000; font-size: medium;\">Andreas Zitzelsberger (DL3RCG)<\/span> Notfunkreferent im OV Landshut, dl3rcg@notfunk-landshut.de<\/strong><\/li>\r\n<\/ul>\r\n<\/div>","protected":false},"excerpt":{"rendered":"<p>Regelungen rund um den Notfunk (u.a. in Landshut) In diesem Bereich stellen wir die organisatorische Seite des Notfunks (u.a. in Landshut) vor Unsere Ansprechpartner f\u00fcr Beh\u00f6rden im Katastrophenfall oder f\u00fcr interessierte Funkamateure sind: Hans Baier, DK9CR (Notfunkreferent im Distrikt U)<span class=\"ellipsis\">&hellip;<\/span><\/p>\n<div class=\"read-more\"><a href=\"http:\/\/www.notfunk-landshut.de\/wordpress\/?page_id=24\">Weiterlesen \u203a<\/a><\/div>\n<p><!-- end of .read-more --><\/p>\n","protected":false},"author":1,"featured_media":0,"parent":0,"menu_order":0,"comment_status":"closed","ping_status":"closed","template":"","meta":[],"_links":{"self":[{"href":"http:\/\/www.notfunk-landshut.de\/wordpress\/index.php?rest_route=\/wp\/v2\/pages\/24"}],"collection":[{"href":"http:\/\/www.notfunk-landshut.de\/wordpress\/index.php?rest_route=\/wp\/v2\/pages"}],"about":[{"href":"http:\/\/www.notfunk-landshut.de\/wordpress\/index.php?rest_route=\/wp\/v2\/types\/page"}],"author":[{"embeddable":true,"href":"http:\/\/www.notfunk-landshut.de\/wordpress\/index.php?rest_route=\/wp\/v2\/users\/1"}],"replies":[{"embeddable":true,"href":"http:\/\/www.notfunk-landshut.de\/wordpress\/index.php?rest_route=%2Fwp%2Fv2%2Fcomments&post=24"}],"version-history":[{"count":6,"href":"http:\/\/www.notfunk-landshut.de\/wordpress\/index.php?rest_route=\/wp\/v2\/pages\/24\/revisions"}],"predecessor-version":[{"id":210,"href":"http:\/\/www.notfunk-landshut.de\/wordpress\/index.php?rest_route=\/wp\/v2\/pages\/24\/revisions\/210"}],"wp:attachment":[{"href":"http:\/\/www.notfunk-landshut.de\/wordpress\/index.php?rest_route=%2Fwp%2Fv2%2Fmedia&parent=24"}],"curies":[{"name":"wp","href":"https:\/\/api.w.org\/{rel}","templated":true}]}}