{"id":21,"date":"2014-05-20T18:04:54","date_gmt":"2014-05-20T16:04:54","guid":{"rendered":"http:\/\/notfunk-landshut.de\/wordpress\/?page_id=21"},"modified":"2014-06-01T10:31:59","modified_gmt":"2014-06-01T08:31:59","slug":"faq","status":"publish","type":"page","link":"http:\/\/www.notfunk-landshut.de\/wordpress\/?page_id=21","title":{"rendered":"FAQ"},"content":{"rendered":"<h3 class=\"title\">Die &#8222;Notfunk-FAQ&#8220; &#8211; H\u00e4ufige Fragen<\/h3>\r\n<span style=\"font-size: x-small;\">Quelle: <a title=\"http:\/\/www.darc.de\/mitglieder\/distrikte\/d\/notfunk\/nf-infos-links\/#c26982\" href=\"http:\/\/www.darc.de\/mitglieder\/distrikte\/d\/notfunk\/nf-infos-links\/#c26982\" target=\"_blank\">DARC, Notfunkgruppe Distrikt D (Berlin)<\/a><\/span>\r\n<ul>\r\n\t<li><span style=\"color: #339966;\"><strong>Was ist Notfunk?<\/strong><\/span>\r\nUnter &#8222;Notfunk&#8220; der Funkamateure ist die funktechnische Hilfe von lizensierten Funkamateuren zu verstehen, zu der jeder Funkamateur laut Gesetz \u00fcber den Amateurfunk verpflichtet ist. Dabei steht die Unterst\u00fctzung der nationalen Katastrophenschutzorganisationen im Vordergrund, f\u00fcr die ein organisatorischer Rahmen und praktische Ausbildung und \u00dcbung erforderlich ist. Internationale Funkhilfe bei spontanen Notrufen wird ebenfalls unterst\u00fctzt.Die Notfunk-Gruppen in den einzelnen Distrikten wollen sich durch Koordination und Organisation von Abl\u00e4ufen und Training auf solche Eventualf\u00e4lle vorbereiten und die Zusammenarbeit mit den Beh\u00f6rden und Organisationen mit Sicherheitsaufgaben vorbereiten.<\/li>\r\n<\/ul>\r\n<ul>\r\n\t<li><strong><span style=\"color: #339966;\">Wie kann ich mitarbeiten?<\/span><\/strong>\r\nFunkamateure im DARC-Distrikt Berlin oder nicht vereinsgebundene Funkamateure im Land oder Umland Berlin melden sich beim Notfunkbeauftragten des Distrikts Berlin Michael (Mike) Becker, DJ9OZ (s. unter Punkt &#8222;Anmeldung&#8220;).<\/li>\r\n<\/ul>\r\n<ul>\r\n\t<li><strong><span style=\"color: #339966;\">Ich bin SWL ohne Sendelizenz. Kann ich auch mitarbeiten?<\/span><\/strong>\r\nJa, sehr gerne sind SWLs als Helfer beim Aufbau von Stationen und Helfer\/Melder im Einsatz willkommen.<\/li>\r\n<\/ul>\r\n<ul>\r\n\t<li><strong><span style=\"color: #339966;\">Kann ich mit meinem CB-Funk-Ger\u00e4t mitarbeiten?<\/span><\/strong>\r\nDerzeit sieht das Konzept f\u00fcr Berlin keinen Einsatz von CB-Funkern\/-Ger\u00e4ten vor. Eine sp\u00e4tere Einbindung ist nach Erfahrung der Funkamateure im Notfunk und Akzeptanz der BOS denkbar. Als SWL sind Sie auch ohne Lizenz als Notfunkhelfer gerne willkommen.<\/li>\r\n<\/ul>\r\n<ul>\r\n\t<li><strong><span style=\"color: #339966;\">Ich bin nur in UKW\/KW QRV. Kann ich trotzdem mitarbeiten?<\/span><\/strong>\r\nJa, nat\u00fcrlich. Jeder mit den Ger\u00e4ten, die er zur Verf\u00fcgung hat oder bedienen kann. Wichtig ist die richtige Erfassung der M\u00f6glichkeiten eines jeden Mitarbeiters.<\/li>\r\n<\/ul>\r\n<ul>\r\n\t<li><strong><span style=\"color: #339966;\">Ich bin Mitglied einer Hilfsorganisation\/BOS. Was ist im Einsatzfall?<\/span><\/strong>\r\nVorrang hat in jedem Fall die Mitarbeit bei der Hilfsorganisation\/BOS und der Erhalt der Einsatzbereitschaft hierf\u00fcr. Wenn die Hilfsorganisation\/BOS einsatzabh\u00e4ngig keine Verwendung f\u00fcr den OM hat, steht einer Mitarbeit beim Notfunk-Einsatz nat\u00fcrlich nichts im Wege. Unabh\u00e4ngig von der o.g. Einschr\u00e4nkung sind gerade BOS-\/HiO-Mitarbeiter f\u00fcr die Vorbereitung und Ausbildung der &#8222;Notfunker&#8220; \u00e4u\u00dferst willkommen.<\/li>\r\n<\/ul>\r\n<ul>\r\n\t<li><strong><span style=\"color: #339966;\">Was muss ich tun, wenn ich einen Notruf empfange?<\/span><\/strong>\r\nHalten Sie sofort schriftlich fest: Datum, Uhrzeit, Frequenz und Rufzeichen Anschlie\u00dfend beantworten Sie den Notruf und fragen nach Namen und Adresse der Person in Not und des Meldenden.Sammeln Sie dann Informationen mit den &#8222;f\u00fcnf W&#8217;s&#8220;:\r\n<span style=\"color: #800000;\">&#8211; Wann? (Wann ist etwas passiert? Datum, Uhrzeit)<\/span>\r\n<span style=\"color: #800000;\">&#8211; Wo? (Wo ist etwas passiert? Ort des Notfalls)<\/span>\r\n<span style=\"color: #800000;\">&#8211; Was? (Was ist passiert? Was muss getan werden?)<\/span>\r\n<span style=\"color: #800000;\">&#8211; Wie? (Wie kann geholfen werden?)<\/span>\r\n<span style=\"color: #800000;\">&#8211; Wer? (Wer ist in der Lage zu helfen?)<\/span>Geben Sie die Meldung an die Rettungsleitstelle\/Feuerwehr 112 oder Polizei 110 weiter.\r\nInformieren Sie die notrufende Station dar\u00fcber und bleiben f\u00fcr weiteren Nachrichtenaustausch bereit.\r\nErst wenn die notrufende Station best\u00e4tigt, dass keine weitere Hilfe ben\u00f6tigt wird, beenden Sie den Notverkehr.\r\nMelden Sie den Notverkehr an den Notfunkbeauftragten und die Regulierungsbeh\u00f6rde.\r\nDenken Sie daran, dass eine Ver\u00f6ffentlichung der Hilfeleistung sehr hilfreich f\u00fcr den Amateurfunk ist.<\/li>\r\n<\/ul>\r\n<ul>\r\n\t<li><strong><span style=\"color: #339966;\">Wohin kann ich mich wenden, wenn ich einen Notruf aus DL empfange?<\/span><\/strong>\r\nAus DL:\r\nPer Telefon an die \u00fcblichen Notrufzentralen der Polizei 110 oder Feuerwehr 112.Aus dem Ausland:\r\nAbh\u00e4ngig von der angefragten Hilfe. Im Zweifelsfall auch an die Notrufzentralen der Polizei 110.Zum Verhalten bei einem Notruf gilt das Gleiche wie bei der vorigen Frage.<\/li>\r\n\t<li><strong><span style=\"color: #339966;\">Ich stelle mich im Notfall gerne zur Verf\u00fcgung, kann aber nicht regelm\u00e4\u00dfig an Treffen, Schulungen, \u00dcbungen teilnehmen. Wo kann ich mich dann melden?<\/span><\/strong>\r\nMelden sie sich auf jeden Fall an und teilen Sie die Besonderheiten auf dem Meldeformular mit.<\/li>\r\n<\/ul>\r\n<ul>\r\n\t<li><strong><span style=\"color: #008000;\">Bin ich \/ ist mein Ger\u00e4t im Einsatzfall versichert?<\/span><\/strong>\r\nGrunds\u00e4tzlich sind Sie und die Ger\u00e4te im Einsatzfall oder \u00dcbungen bei Anforderung von einer Beh\u00f6rde durch die Beh\u00f6rde versichert.\r\nEs wird noch gekl\u00e4rt, wie die Versicherungen bei amateurfunk-\/notfunk- internen \u00dcbungen geregelt ist.<\/li>\r\n<\/ul>","protected":false},"excerpt":{"rendered":"<p>Die &#8222;Notfunk-FAQ&#8220; &#8211; H\u00e4ufige Fragen Quelle: DARC, Notfunkgruppe Distrikt D (Berlin) Was ist Notfunk? Unter &#8222;Notfunk&#8220; der Funkamateure ist die funktechnische Hilfe von lizensierten Funkamateuren zu verstehen, zu der jeder Funkamateur laut Gesetz \u00fcber den Amateurfunk verpflichtet ist. Dabei steht<span class=\"ellipsis\">&hellip;<\/span><\/p>\n<div class=\"read-more\"><a href=\"http:\/\/www.notfunk-landshut.de\/wordpress\/?page_id=21\">Weiterlesen \u203a<\/a><\/div>\n<p><!-- end of .read-more --><\/p>\n","protected":false},"author":1,"featured_media":0,"parent":0,"menu_order":0,"comment_status":"closed","ping_status":"closed","template":"","meta":[],"_links":{"self":[{"href":"http:\/\/www.notfunk-landshut.de\/wordpress\/index.php?rest_route=\/wp\/v2\/pages\/21"}],"collection":[{"href":"http:\/\/www.notfunk-landshut.de\/wordpress\/index.php?rest_route=\/wp\/v2\/pages"}],"about":[{"href":"http:\/\/www.notfunk-landshut.de\/wordpress\/index.php?rest_route=\/wp\/v2\/types\/page"}],"author":[{"embeddable":true,"href":"http:\/\/www.notfunk-landshut.de\/wordpress\/index.php?rest_route=\/wp\/v2\/users\/1"}],"replies":[{"embeddable":true,"href":"http:\/\/www.notfunk-landshut.de\/wordpress\/index.php?rest_route=%2Fwp%2Fv2%2Fcomments&post=21"}],"version-history":[{"count":4,"href":"http:\/\/www.notfunk-landshut.de\/wordpress\/index.php?rest_route=\/wp\/v2\/pages\/21\/revisions"}],"predecessor-version":[{"id":176,"href":"http:\/\/www.notfunk-landshut.de\/wordpress\/index.php?rest_route=\/wp\/v2\/pages\/21\/revisions\/176"}],"wp:attachment":[{"href":"http:\/\/www.notfunk-landshut.de\/wordpress\/index.php?rest_route=%2Fwp%2Fv2%2Fmedia&parent=21"}],"curies":[{"name":"wp","href":"https:\/\/api.w.org\/{rel}","templated":true}]}}