{"id":18,"date":"2014-05-20T18:04:25","date_gmt":"2014-05-20T16:04:25","guid":{"rendered":"http:\/\/notfunk-landshut.de\/wordpress\/?page_id=18"},"modified":"2017-02-14T01:22:54","modified_gmt":"2017-02-14T00:22:54","slug":"praxis","status":"publish","type":"page","link":"http:\/\/www.notfunk-landshut.de\/wordpress\/?page_id=18","title":{"rendered":"Notfunkpraxis"},"content":{"rendered":"<h3 class=\"title\">Notfunkpraxis in Landshut<\/h3><p>Hier finden Sie unsere Verfahren bei Alarmierung, Einsatzpl\u00e4ne etc.<br \/><span style=\"color: #ff0000;\">DIESE SEITE IST JEDOCH NOCH IM AUFBAU, DIESE VERFAHREN WERDE DERZEIT ENTWICKELT.<\/span><\/p><p>F\u00fcr die festen Mitglieder der Notfunk-Gruppe gilt:<\/p><ul><li><span style=\"color: #008000;\"><strong>Grunds\u00e4tzlicher Standbybetrieb <\/strong><\/span>auf den Frequenzen <span style=\"color: #008000;\"><strong>439.350 MHz<\/strong><\/span> (Notstromversorgtes Relais Ergoldsbach, DB0ERG) und\/oder <span style=\"color: #008000;\"><strong>145.662,5 MHz<\/strong><\/span> (Notstromversorgtes Relais Rottenburg, DB0ZL) per Handfunkger\u00e4t.<\/li><\/ul><p>Der DARC entwickelte einen lesenswerten<strong> Notfunk-Leitfaden<\/strong>.<br \/><a href=\"http:\/\/www.notfunk-landshut.de\/wordpress\/wp-content\/uploads\/2017\/02\/Leitfaden_Notfunk_DARC_03.pdf\" target=\"_blank\">Leitfaden herunterladen (PDF)<\/a><\/p><p>Der <strong>Notfunk-Flyer des DARC<\/strong> geh\u00f6rt in jedes Shack:<br \/><a href=\"http:\/\/www.notfunk-landshut.de\/wordpress\/wp-content\/uploads\/2017\/02\/Notfunkflyer_DARC.pdf\" target=\"_blank\"> Notfunkflyer herunterladen (PDF)<\/a><\/p><p>Hier die von der <strong>IARU <\/strong>entwickelte <strong>Notfunkprozedur<\/strong>:<br \/><a href=\"http:\/\/www.notfunk-landshut.de\/wordpress\/wp-content\/uploads\/2017\/02\/IARU_Notfunkprozedur_01.pdf\" target=\"_blank\">Notfunkprozedur (IARU) herunterladen (PDF)<\/a> oder <strong><a href=\"http:\/\/www.notfunk-landshut.de\/wordpress\/?page_id=73\">unsere Web-Bearbeitung ansehen <\/a><\/strong><\/p>","protected":false},"excerpt":{"rendered":"<p>Notfunkpraxis in LandshutHier finden Sie unsere Verfahren bei Alarmierung, Einsatzpl\u00e4ne etc.DIESE SEITE IST JEDOCH NOCH IM AUFBAU, DIESE VERFAHREN WERDE DERZEIT ENTWICKELT.F\u00fcr die festen Mitglieder der Notfunk-Gruppe gilt:Grunds\u00e4tzlicher Standbybetrieb auf den Frequenzen 439.350 MHz (Notstromversorgtes Relais Ergoldsbach, DB0ERG) und\/oder 145.662,5<span class=\"ellipsis\">&hellip;<\/span><\/p>\n<div class=\"read-more\"><a href=\"http:\/\/www.notfunk-landshut.de\/wordpress\/?page_id=18\">Weiterlesen \u203a<\/a><\/div>\n<p><!-- end of .read-more --><\/p>\n","protected":false},"author":1,"featured_media":0,"parent":0,"menu_order":0,"comment_status":"closed","ping_status":"closed","template":"","meta":[],"_links":{"self":[{"href":"http:\/\/www.notfunk-landshut.de\/wordpress\/index.php?rest_route=\/wp\/v2\/pages\/18"}],"collection":[{"href":"http:\/\/www.notfunk-landshut.de\/wordpress\/index.php?rest_route=\/wp\/v2\/pages"}],"about":[{"href":"http:\/\/www.notfunk-landshut.de\/wordpress\/index.php?rest_route=\/wp\/v2\/types\/page"}],"author":[{"embeddable":true,"href":"http:\/\/www.notfunk-landshut.de\/wordpress\/index.php?rest_route=\/wp\/v2\/users\/1"}],"replies":[{"embeddable":true,"href":"http:\/\/www.notfunk-landshut.de\/wordpress\/index.php?rest_route=%2Fwp%2Fv2%2Fcomments&post=18"}],"version-history":[{"count":10,"href":"http:\/\/www.notfunk-landshut.de\/wordpress\/index.php?rest_route=\/wp\/v2\/pages\/18\/revisions"}],"predecessor-version":[{"id":471,"href":"http:\/\/www.notfunk-landshut.de\/wordpress\/index.php?rest_route=\/wp\/v2\/pages\/18\/revisions\/471"}],"wp:attachment":[{"href":"http:\/\/www.notfunk-landshut.de\/wordpress\/index.php?rest_route=%2Fwp%2Fv2%2Fmedia&parent=18"}],"curies":[{"name":"wp","href":"https:\/\/api.w.org\/{rel}","templated":true}]}}