{"id":109,"date":"2014-05-30T15:47:41","date_gmt":"2014-05-30T13:47:41","guid":{"rendered":"http:\/\/notfunk-landshut.de\/wordpress\/?page_id=109"},"modified":"2017-02-14T01:41:22","modified_gmt":"2017-02-14T00:41:22","slug":"notfunkberichte-allgemein","status":"publish","type":"page","link":"http:\/\/www.notfunk-landshut.de\/wordpress\/?page_id=109","title":{"rendered":"Notfunkberichte allgemein"},"content":{"rendered":"<div class=\"main-main util-clearfix\">Hier verlinken wir verschiedene Berichte \u00fcber Notfunkaktivit\u00e4ten. Wer &#8222;seinen&#8220; Bericht verlinken m\u00f6chte: e-mail an <a href=\"mailto:info@notfunk-landshut.de\">info@notfunk-landshut.de<br \/><\/a> <br \/><a title=\"http:\/\/dk0au.do4bz.de\/pages\/notfunk.html\" href=\"http:\/\/dk0au.do4bz.de\/pages\/notfunk.html\" target=\"_blank\">http:\/\/dk0au.do4bz.de\/pages\/notfunk.html<\/a><p id=\"watch-headline-title\"><a href=\"http:\/\/www.youtube.com\/watch?v=djjM1JufCb0\" target=\"_blank\">Netz f\u00fcr jeden Notfall &#8211; Kommunikation im Krisengebiet (YOUTUBE-Beitrag von Wolfgang Noelke \u00fcber DA0EC)<\/a><\/p><\/div>","protected":false},"excerpt":{"rendered":"<p>Hier verlinken wir verschiedene Berichte \u00fcber Notfunkaktivit\u00e4ten. Wer &#8222;seinen&#8220; Bericht verlinken m\u00f6chte: e-mail an info@notfunk-landshut.de http:\/\/dk0au.do4bz.de\/pages\/notfunk.htmlNetz f\u00fcr jeden Notfall &#8211; Kommunikation im Krisengebiet (YOUTUBE-Beitrag von Wolfgang Noelke \u00fcber DA0EC)<\/p>\n","protected":false},"author":1,"featured_media":0,"parent":0,"menu_order":0,"comment_status":"closed","ping_status":"closed","template":"","meta":[],"_links":{"self":[{"href":"http:\/\/www.notfunk-landshut.de\/wordpress\/index.php?rest_route=\/wp\/v2\/pages\/109"}],"collection":[{"href":"http:\/\/www.notfunk-landshut.de\/wordpress\/index.php?rest_route=\/wp\/v2\/pages"}],"about":[{"href":"http:\/\/www.notfunk-landshut.de\/wordpress\/index.php?rest_route=\/wp\/v2\/types\/page"}],"author":[{"embeddable":true,"href":"http:\/\/www.notfunk-landshut.de\/wordpress\/index.php?rest_route=\/wp\/v2\/users\/1"}],"replies":[{"embeddable":true,"href":"http:\/\/www.notfunk-landshut.de\/wordpress\/index.php?rest_route=%2Fwp%2Fv2%2Fcomments&post=109"}],"version-history":[{"count":7,"href":"http:\/\/www.notfunk-landshut.de\/wordpress\/index.php?rest_route=\/wp\/v2\/pages\/109\/revisions"}],"predecessor-version":[{"id":485,"href":"http:\/\/www.notfunk-landshut.de\/wordpress\/index.php?rest_route=\/wp\/v2\/pages\/109\/revisions\/485"}],"wp:attachment":[{"href":"http:\/\/www.notfunk-landshut.de\/wordpress\/index.php?rest_route=%2Fwp%2Fv2%2Fmedia&parent=109"}],"curies":[{"name":"wp","href":"https:\/\/api.w.org\/{rel}","templated":true}]}}